{"id":454,"date":"2021-02-25T11:42:25","date_gmt":"2021-02-25T14:42:25","guid":{"rendered":"https:\/\/jimcristales.com.py\/?post_type=product&#038;p=454"},"modified":"2021-02-25T11:42:29","modified_gmt":"2021-02-25T14:42:29","slug":"bifocal-kt-organico-blanco-con-ar-esferica-rango-de-potencia-esferica-neutro-hasta-300-add-100-hasta-300","status":"publish","type":"product","link":"https:\/\/jimcristales.com.py\/index.php\/producto\/bifocal-kt-organico-blanco-con-ar-esferica-rango-de-potencia-esferica-neutro-hasta-300-add-100-hasta-300\/","title":{"rendered":"Bifocal kt org\u00e1nico blanco con AR esf\u00e9rica (-) rango de potencia esf\u00e9rica neutro hasta +300 add +100 hasta +300"},"content":{"rendered":"<p>Bifocal kt org\u00e1nico blanco con AR esf\u00e9rica (-) rango de potencia esf\u00e9rica neutro hasta +300 add +100 hasta +300<\/p>\n","protected":false},"excerpt":{"rendered":"<p>Bifocal kt org\u00e1nico blanco con AR esf\u00e9rica (-) rango de potencia esf\u00e9rica neutro hasta +300 add +100 hasta +300<\/p>\n","protected":false},"featured_media":455,"comment_status":"open","ping_status":"closed","template":"","meta":{"spay_email":""},"class_list":["post-454","product","type-product","status-publish","has-post-thumbnail","hentry","product_cat-cristales"],"_links":{"self":[{"href":"https:\/\/jimcristales.com.py\/index.php\/wp-json\/wp\/v2\/product\/454","targetHints":{"allow":["GET"]}}],"collection":[{"href":"https:\/\/jimcristales.com.py\/index.php\/wp-json\/wp\/v2\/product"}],"about":[{"href":"https:\/\/jimcristales.com.py\/index.php\/wp-json\/wp\/v2\/types\/product"}],"replies":[{"embeddable":true,"href":"https:\/\/jimcristales.com.py\/index.php\/wp-json\/wp\/v2\/comments?post=454"}],"wp:featuredmedia":[{"embeddable":true,"href":"https:\/\/jimcristales.com.py\/index.php\/wp-json\/wp\/v2\/media\/455"}],"wp:attachment":[{"href":"https:\/\/jimcristales.com.py\/index.php\/wp-json\/wp\/v2\/media?parent=454"}],"curies":[{"name":"wp","href":"https:\/\/api.w.org\/{rel}","templated":true}]}}