{"id":458,"date":"2021-02-25T11:47:15","date_gmt":"2021-02-25T14:47:15","guid":{"rendered":"https:\/\/jimcristales.com.py\/?post_type=product&#038;p=458"},"modified":"2021-02-25T12:09:31","modified_gmt":"2021-02-25T15:09:31","slug":"bifocal-kt-organico-blanco-uc-esferica-rango-de-potencia-esferica-neutro-hasta-300-add-100-hasta-300-2","status":"publish","type":"product","link":"https:\/\/jimcristales.com.py\/index.php\/producto\/bifocal-kt-organico-blanco-uc-esferica-rango-de-potencia-esferica-neutro-hasta-300-add-100-hasta-300-2\/","title":{"rendered":"Cristal Bifocal kt org\u00e1nico blanco uc esf\u00e9rica (+) rango de potencia esf\u00e9rica neutro hasta +300 add +100 hasta +300"},"content":{"rendered":"<p>Bifocal kt org\u00e1nico blanco uc esf\u00e9rica (+) rango de potencia esf\u00e9rica neutro hasta +300 add +100 hasta +300<\/p>\n","protected":false},"excerpt":{"rendered":"<p>Bifocal kt org\u00e1nico blanco uc esf\u00e9rica (+) rango de potencia esf\u00e9rica neutro hasta +300 add +100 hasta +300<\/p>\n","protected":false},"featured_media":459,"comment_status":"open","ping_status":"closed","template":"","meta":{"spay_email":""},"class_list":["post-458","product","type-product","status-publish","has-post-thumbnail","hentry","product_cat-cristales"],"_links":{"self":[{"href":"https:\/\/jimcristales.com.py\/index.php\/wp-json\/wp\/v2\/product\/458","targetHints":{"allow":["GET"]}}],"collection":[{"href":"https:\/\/jimcristales.com.py\/index.php\/wp-json\/wp\/v2\/product"}],"about":[{"href":"https:\/\/jimcristales.com.py\/index.php\/wp-json\/wp\/v2\/types\/product"}],"replies":[{"embeddable":true,"href":"https:\/\/jimcristales.com.py\/index.php\/wp-json\/wp\/v2\/comments?post=458"}],"wp:featuredmedia":[{"embeddable":true,"href":"https:\/\/jimcristales.com.py\/index.php\/wp-json\/wp\/v2\/media\/459"}],"wp:attachment":[{"href":"https:\/\/jimcristales.com.py\/index.php\/wp-json\/wp\/v2\/media?parent=458"}],"curies":[{"name":"wp","href":"https:\/\/api.w.org\/{rel}","templated":true}]}}