{"id":464,"date":"2021-02-25T11:54:02","date_gmt":"2021-02-25T14:54:02","guid":{"rendered":"https:\/\/jimcristales.com.py\/?post_type=product&#038;p=464"},"modified":"2021-02-25T11:54:07","modified_gmt":"2021-02-25T14:54:07","slug":"cristal-bifocal-st-organico-blanco-con-ar-esferica-rango-de-potencia-esferica-025-hasta-300-add-100-hasta-300","status":"publish","type":"product","link":"https:\/\/jimcristales.com.py\/index.php\/producto\/cristal-bifocal-st-organico-blanco-con-ar-esferica-rango-de-potencia-esferica-025-hasta-300-add-100-hasta-300\/","title":{"rendered":"Cristal Bifocal st org\u00e1nico blanco con AR esf\u00e9rica (+) rango de potencia esf\u00e9rica +025 hasta +300 add +100 hasta +300"},"content":{"rendered":"<p>Bifocal st org\u00e1nico blanco con AR esf\u00e9rica (+) rango de potencia esf\u00e9rica +025 hasta +300 add +100 hasta +300<\/p>\n","protected":false},"excerpt":{"rendered":"<p>Bifocal st org\u00e1nico blanco con AR esf\u00e9rica (+) rango de potencia esf\u00e9rica +025 hasta +300 add +100 hasta +300<\/p>\n","protected":false},"featured_media":465,"comment_status":"open","ping_status":"closed","template":"","meta":{"spay_email":""},"class_list":["post-464","product","type-product","status-publish","has-post-thumbnail","hentry","product_cat-cristales"],"_links":{"self":[{"href":"https:\/\/jimcristales.com.py\/index.php\/wp-json\/wp\/v2\/product\/464","targetHints":{"allow":["GET"]}}],"collection":[{"href":"https:\/\/jimcristales.com.py\/index.php\/wp-json\/wp\/v2\/product"}],"about":[{"href":"https:\/\/jimcristales.com.py\/index.php\/wp-json\/wp\/v2\/types\/product"}],"replies":[{"embeddable":true,"href":"https:\/\/jimcristales.com.py\/index.php\/wp-json\/wp\/v2\/comments?post=464"}],"wp:featuredmedia":[{"embeddable":true,"href":"https:\/\/jimcristales.com.py\/index.php\/wp-json\/wp\/v2\/media\/465"}],"wp:attachment":[{"href":"https:\/\/jimcristales.com.py\/index.php\/wp-json\/wp\/v2\/media?parent=464"}],"curies":[{"name":"wp","href":"https:\/\/api.w.org\/{rel}","templated":true}]}}