{"id":480,"date":"2021-02-25T12:08:36","date_gmt":"2021-02-25T15:08:36","guid":{"rendered":"https:\/\/jimcristales.com.py\/?post_type=product&#038;p=480"},"modified":"2021-02-25T14:04:59","modified_gmt":"2021-02-25T17:04:59","slug":"cristal-monofocal-organico-blanco-con-ar-asfereica-mr7-ultra-delgado-1-67-rango-de-potencia-esferica-desde-625-hasta-17-00-combinado-desde-625-hasta-15-con-cil-hasta-4-esferica-posit","status":"publish","type":"product","link":"https:\/\/jimcristales.com.py\/index.php\/producto\/cristal-monofocal-organico-blanco-con-ar-asfereica-mr7-ultra-delgado-1-67-rango-de-potencia-esferica-desde-625-hasta-17-00-combinado-desde-625-hasta-15-con-cil-hasta-4-esferica-posit\/","title":{"rendered":"Cristal Monofocal org\u00e1nico blanco con AR asfereica mr7 ultra delgado 1.67  rango de potencia esf\u00e9rica (-\/-) desde &#8211; &#8211; 625 hasta &#8211; 17.00 combinado desde &#8211; 625 hasta &#8211; 15 con cil hasta 4. Esf\u00e9rica positivo desde +625 hasta +10.00 combinado hasta 10 con 2"},"content":{"rendered":"<p>Monofocal org\u00e1nico blanco con AR asferica mr7 ultra delgado 1.67 rango de potencia esf\u00e9rica (-\/-) desde &#8211; &#8211; 625 hasta &#8211; 17.00 combinado desde &#8211; 625 hasta &#8211; 15 con cil hasta 4. Esf\u00e9rica positivo desde +625 hasta +10.00 combinado hasta 10 con 2<\/p>\n","protected":false},"excerpt":{"rendered":"<p>Monofocal org\u00e1nico blanco con AR asfereica mr7 ultra delgado 1.67 rango de potencia esf\u00e9rica (-\/-) desde &#8211; &#8211; 625 hasta &#8211; 17.00 combinado desde &#8211; 625 hasta &#8211; 15 con cil hasta 4. Esf\u00e9rica positivo desde +625 hasta +10.00 combinado hasta 10 con 2<\/p>\n","protected":false},"featured_media":481,"comment_status":"open","ping_status":"closed","template":"","meta":{"spay_email":""},"class_list":["post-480","product","type-product","status-publish","has-post-thumbnail","hentry","product_cat-cristales"],"_links":{"self":[{"href":"https:\/\/jimcristales.com.py\/index.php\/wp-json\/wp\/v2\/product\/480","targetHints":{"allow":["GET"]}}],"collection":[{"href":"https:\/\/jimcristales.com.py\/index.php\/wp-json\/wp\/v2\/product"}],"about":[{"href":"https:\/\/jimcristales.com.py\/index.php\/wp-json\/wp\/v2\/types\/product"}],"replies":[{"embeddable":true,"href":"https:\/\/jimcristales.com.py\/index.php\/wp-json\/wp\/v2\/comments?post=480"}],"wp:featuredmedia":[{"embeddable":true,"href":"https:\/\/jimcristales.com.py\/index.php\/wp-json\/wp\/v2\/media\/481"}],"wp:attachment":[{"href":"https:\/\/jimcristales.com.py\/index.php\/wp-json\/wp\/v2\/media?parent=480"}],"curies":[{"name":"wp","href":"https:\/\/api.w.org\/{rel}","templated":true}]}}